{"id":16315,"date":"2020-01-13T11:17:52","date_gmt":"2020-01-13T11:17:52","guid":{"rendered":"https:\/\/demosites.io\/web-agency-gb\/?page_id=5"},"modified":"2024-01-19T16:00:08","modified_gmt":"2024-01-19T16:00:08","slug":"15c42-web-agency-gb-home","status":"publish","type":"page","link":"https:\/\/www.tmdenetim.com\/tr\/","title":{"rendered":"Ana Sayfa"},"content":{"rendered":"<p>[vc_row full_width=&#8221;stretch_row_content_no_spaces&#8221; css=&#8221;.vc_custom_1705248665012{margin-top: 0px !important;border-top-width: 0px !important;padding-top: 0px !important;}&#8221;][vc_column css=&#8221;.vc_custom_1705259553557{margin-top: 0px !important;margin-right: 0px !important;margin-bottom: 0px !important;margin-left: 0px !important;border-top-width: 0px !important;border-right-width: 0px !important;border-bottom-width: 0px !important;border-left-width: 0px !important;padding-top: 0px !important;padding-right: 0px !important;padding-bottom: 0px !important;padding-left: 0px !important;}&#8221;]\n<div id=\"rev_slider_2_1_wrapper\" class=\"rev_slider_wrapper fullwidthbanner-container\" data-source=\"gallery\" style=\"margin:0px auto;background:transparent;padding:0px;margin-top:0px;margin-bottom:0px;\">\n<!-- START REVOLUTION SLIDER 5.4.8.3 auto mode -->\n\t<div id=\"rev_slider_2_1\" class=\"rev_slider fullwidthabanner\" style=\"display:none;\" data-version=\"5.4.8.3\">\n<ul>\t<!-- SLIDE  -->\n\t<li data-index=\"rs-2\" data-transition=\"notransition\" data-slotamount=\"default\" data-hideafterloop=\"0\" data-hideslideonmobile=\"off\"  data-easein=\"default\" data-easeout=\"default\" data-masterspeed=\"-1200\"  data-thumb=\"https:\/\/www.tmdenetim.com\/tr\/wp-content\/uploads\/2024\/01\/1_surdurulebilirlik-100x50.png\"  data-delay=\"1580\"  data-rotate=\"0\"  data-saveperformance=\"off\"  data-title=\"Slide\" data-param1=\"\" data-param2=\"\" data-param3=\"\" data-param4=\"\" data-param5=\"\" data-param6=\"\" data-param7=\"\" data-param8=\"\" data-param9=\"\" data-param10=\"\" data-description=\"\">\n\t\t<!-- MAIN IMAGE -->\n\t\t<img decoding=\"async\" src=\"https:\/\/www.tmdenetim.com\/tr\/wp-content\/plugins\/revslider\/admin\/assets\/images\/dummy.png\"  alt=\"\" title=\"1_s\u00fcrd\u00fcr\u00fclebilirlik\"  width=\"2000\" height=\"1333\" data-lazyload=\"https:\/\/www.tmdenetim.com\/tr\/wp-content\/uploads\/2024\/01\/1_surdurulebilirlik.png\" data-bgposition=\"center center\" data-bgfit=\"cover\" data-bgrepeat=\"no-repeat\" data-bgparallax=\"off\" class=\"rev-slidebg\" data-no-retina>\n\t\t<!-- LAYERS -->\n\n\t\t<!-- LAYER NR. 1 -->\n\t\t<div class=\"tp-caption   tp-resizeme\" \n\t\t\t id=\"slide-2-layer-3\" \n\t\t\t data-x=\"['center','center','center','center']\" data-hoffset=\"['0','0','0','0']\" \n\t\t\t data-y=\"['middle','middle','middle','middle']\" data-voffset=\"['0','0','0','0']\" \n\t\t\t\t\t\tdata-width=\"none\"\n\t\t\tdata-height=\"none\"\n\t\t\tdata-whitespace=\"nowrap\"\n \n\t\t\tdata-type=\"image\" \n\t\t\tdata-responsive_offset=\"on\" \n\n\t\t\tdata-frames='[{\"delay\":10,\"speed\":10,\"frame\":\"0\",\"from\":\"opacity:0;\",\"to\":\"o:1;\",\"ease\":\"Power3.easeInOut\"},{\"delay\":\"wait\",\"speed\":10,\"frame\":\"999\",\"to\":\"opacity:0;\",\"ease\":\"Power3.easeInOut\"}]'\n\t\t\tdata-textAlign=\"['inherit','inherit','inherit','inherit']\"\n\t\t\tdata-paddingtop=\"[0,0,0,0]\"\n\t\t\tdata-paddingright=\"[0,0,0,0]\"\n\t\t\tdata-paddingbottom=\"[0,0,0,0]\"\n\t\t\tdata-paddingleft=\"[0,0,0,0]\"\n\n\t\t\tstyle=\"z-index: 5;\"><img decoding=\"async\" src=\"https:\/\/www.tmdenetim.com\/tr\/wp-content\/plugins\/revslider\/admin\/assets\/images\/dummy.png\" alt=\"\" data-ww=\"['250px','250px','250px','250px']\" data-hh=\"['250','250','250','250']\" width=\"838\" height=\"838\" data-lazyload=\"https:\/\/www.tmdenetim.com\/tr\/wp-content\/uploads\/2024\/01\/beyaz-logo.png\" data-no-retina> <\/div>\n\t<\/li>\n<\/ul>\n<div class=\"tp-bannertimer tp-bottom\" style=\"visibility: hidden !important;\"><\/div>\t<\/div>\n<script>var htmlDiv = document.getElementById(\"rs-plugin-settings-inline-css\"); var htmlDivCss=\"\";\r\n\t\t\t\tif(htmlDiv) {\r\n\t\t\t\t\thtmlDiv.innerHTML = htmlDiv.innerHTML + htmlDivCss;\r\n\t\t\t\t}else{\r\n\t\t\t\t\tvar htmlDiv = document.createElement(\"div\");\r\n\t\t\t\t\thtmlDiv.innerHTML = \"<style>\" + htmlDivCss + \"<\/style>\";\r\n\t\t\t\t\tdocument.getElementsByTagName(\"head\")[0].appendChild(htmlDiv.childNodes[0]);\r\n\t\t\t\t}\r\n\t\t\t<\/script>\n\t\t<script type=\"text\/javascript\">\r\nif (setREVStartSize!==undefined) setREVStartSize(\r\n\t{c: '#rev_slider_2_1', responsiveLevels: [1240,1240,1240,480], gridwidth: [1400,1400,1400,600], gridheight: [600,600,600,500], sliderLayout: 'auto'});\r\n\t\t\t\r\nvar revapi2,\r\n\ttpj;\t\r\n(function() {\t\t\t\r\n\tif (!\/loaded|interactive|complete\/.test(document.readyState)) document.addEventListener(\"DOMContentLoaded\",onLoad); else onLoad();\t\r\n\tfunction onLoad() {\t\t\t\t\r\n\t\tif (tpj===undefined) { tpj = jQuery; if(\"off\" == \"on\") tpj.noConflict();}\r\n\tif(tpj(\"#rev_slider_2_1\").revolution == undefined){\n\t\trevslider_showDoubleJqueryError(\"#rev_slider_2_1\");\n\t}else{\n\t\trevapi2 = tpj(\"#rev_slider_2_1\").show().revolution({\n\t\t\tsliderType:\"hero\",\n\t\t\tjsFileLocation:\"\/\/www.tmdenetim.com\/tr\/wp-content\/plugins\/revslider\/public\/assets\/js\/\",\n\t\t\tsliderLayout:\"auto\",\n\t\t\tdottedOverlay:\"none\",\n\t\t\tdelay:9000,\n\t\t\tresponsiveLevels:[1240,1240,1240,480],\n\t\t\tvisibilityLevels:[1240,1240,1240,480],\n\t\t\tgridwidth:[1400,1400,1400,600],\n\t\t\tgridheight:[600,600,600,500],\n\t\t\tlazyType:\"smart\",\n\t\t\tparallax: {\n\t\t\t\ttype:\"mouse\",\n\t\t\t\torigo:\"slidercenter\",\n\t\t\t\tspeed:2000,\n\t\t\t\tspeedbg:0,\n\t\t\t\tspeedls:0,\n\t\t\t\tlevels:[2,3,4,5,6,7,12,16,10,50,47,48,49,50,51,55],\n\t\t\t},\n\t\t\tshadow:0,\n\t\t\tspinner:\"off\",\n\t\t\tautoHeight:\"off\",\n\t\t\tdisableProgressBar:\"on\",\n\t\t\thideThumbsOnMobile:\"on\",\n\t\t\thideSliderAtLimit:0,\n\t\t\thideCaptionAtLimit:0,\n\t\t\thideAllCaptionAtLilmit:0,\n\t\t\tdebugMode:false,\n\t\t\tfallbacks: {\n\t\t\t\tsimplifyAll:\"off\",\n\t\t\t\tdisableFocusListener:false,\n\t\t\t}\n\t\t});\n\t}; \/* END OF revapi call *\/\n\t\n }; \/* END OF ON LOAD FUNCTION *\/\r\n}()); \/* END OF WRAPPING FUNCTION *\/\r\n<\/script>\r\n\t\t<\/div><!-- END REVOLUTION SLIDER -->[\/vc_column][\/vc_row][vc_row][vc_column][vc_row_inner equal_height=&#8221;yes&#8221; content_placement=&#8221;middle&#8221;][vc_column_inner width=&#8221;1\/2&#8243;][vc_single_image image=&#8221;16233&#8243; img_size=&#8221;500 x 500&#8243; alignment=&#8221;center&#8221; css=&#8221;.vc_custom_1705262954471{margin-right: 0px !important;margin-left: 0px !important;border-right-width: 0px !important;border-left-width: 0px !important;padding-right: 0px !important;padding-left: 0px !important;}&#8221;][\/vc_column_inner][vc_column_inner width=&#8221;1\/2&#8243;][vc_column_text]<span style=\"font-weight: 400;\">TM Denetim, \u00e7evre, s\u00fcrd\u00fcr\u00fclebilirlik ve kimya konular\u0131nda e\u011fitim, belgelendirme ve denetim hizmetleri veren bir m\u00fchendislik kurulu\u015fudur.<\/span><\/p>\n<p><span style=\"font-weight: 400;\">Onayl\u0131 Higg FEM Do\u011frulay\u0131c\u0131 kurulu\u015fu olarak haz\u0131r giyim ve ayakkab\u0131 end\u00fcstrisindeki tedarik zinciri boyunca \u00e7evresel performanslar\u0131n\u0131n \u00f6l\u00e7\u00fclmesi konusunda i\u015fletmelere Do\u011frulama hizmeti vermekteyiz. S\u00fcrd\u00fcr\u00fclebilir Giyim Koalisyonu (SAC) taraf\u0131ndan \u00e7er\u00e7evesi \u00e7izilen kriterler \u00e7er\u00e7evesinde i\u015fletmelerin s\u00fcrd\u00fcr\u00fclebilir \u00fcretim ser\u00fcvenlerinde bir ad\u0131m \u00f6teye ta\u015f\u0131m\u0131yoruz.<\/span><\/p>\n<p><span style=\"font-weight: 400;\">ZDHC Vakf\u0131 taraf\u0131ndan Onayl\u0131 E\u011fitim Sa\u011flay\u0131c\u0131 (ATP) olarak akredite olan kurulu\u015fumuz \u00e7al\u0131\u015fanlar\u0131, t\u00fcketicileri ve gezegenimizin ekosistemlerini korumak i\u00e7in daha s\u00fcrd\u00fcr\u00fclebilir kimyan\u0131n teorik ve pratik uygulamalar\u0131na ili\u015fkin Markalara, Kimyasal \u00dcreticilerine ve Tedarik\u00e7ilere e\u011fitimler veriyoruz.<\/span><\/p>\n<p><span style=\"font-weight: 400;\">Saha deneyimi olana uzman \u00c7evre M\u00fchendisi ekibimiz ve \u00abGelecek \u0130\u00e7in Do\u011fa\u00bb mottomuzla yan\u0131n\u0131zday\u0131z.<\/span>[\/vc_column_text][\/vc_column_inner][\/vc_row_inner][\/vc_column][\/vc_row][vc_row content_placement=&#8221;middle&#8221; css=&#8221;.vc_custom_1705262458702{margin-top: 0px !important;margin-bottom: 0px !important;border-top-width: 0px !important;border-bottom-width: 0px !important;padding-top: 0px !important;padding-bottom: 0px !important;background-color: rgba(209,209,209,0.27) !important;*background-color: rgb(209,209,209) !important;border-radius: 30px !important;}&#8221;][vc_column width=&#8221;4\/12&#8243; css=&#8221;.vc_custom_1705262598521{border-top-width: 0px !important;border-left-width: 0px !important;padding-top: 5px !important;padding-left: 0px !important;}&#8221;][vc_single_image image=&#8221;16467&#8243; img_size=&#8221;300X40&#8243; alignment=&#8221;right&#8221; css=&#8221;.vc_custom_1705262532186{margin-top: 0px !important;margin-bottom: 0px !important;border-top-width: 0px !important;border-bottom-width: 0px !important;padding-top: 0px !important;padding-bottom: 0px !important;}&#8221;][\/vc_column][vc_column width=&#8221;4\/12&#8243; css=&#8221;.vc_custom_1705262440579{margin-top: 0px !important;margin-right: 0px !important;margin-bottom: 0px !important;border-top-width: 0px !important;border-right-width: 0px !important;border-bottom-width: 0px !important;border-left-width: 0px !important;padding-top: 0px !important;padding-right: 0px !important;padding-bottom: 0px !important;padding-left: 0px !important;}&#8221;][vc_single_image image=&#8221;16468&#8243; img_size=&#8221;300&#215;100&#8243; alignment=&#8221;center&#8221; css=&#8221;.vc_custom_1705262566344{margin-top: 0px !important;margin-bottom: 0px !important;border-top-width: 0px !important;border-bottom-width: 0px !important;padding-top: 0px !important;padding-bottom: 0px !important;}&#8221;][\/vc_column][vc_column width=&#8221;4\/12&#8243; css=&#8221;.vc_custom_1705240317172{margin-top: 0px !important;margin-right: 0px !important;margin-bottom: 0px !important;margin-left: 0px !important;border-top-width: 0px !important;border-right-width: 0px !important;border-bottom-width: 0px !important;border-left-width: 0px !important;padding-top: 0px !important;padding-right: 0px !important;padding-bottom: 0px !important;padding-left: 0px !important;}&#8221;][vc_single_image image=&#8221;16469&#8243; img_size=&#8221;300&#215;100&#8243; alignment=&#8221;center&#8221; css=&#8221;.vc_custom_1705262574396{margin-top: 0px !important;margin-bottom: 0px !important;border-top-width: 0px !important;border-bottom-width: 0px !important;padding-top: 0px !important;padding-bottom: 0px !important;}&#8221;][\/vc_column][\/vc_row][vc_row full_width=&#8221;stretch_row_content_no_spaces&#8221; content_placement=&#8221;middle&#8221; css=&#8221;.vc_custom_1705516460174{margin-top: 20px !important;background-color: rgba(209,209,209,0.27) !important;*background-color: rgb(209,209,209) !important;}&#8221;][vc_column css=&#8221;.vc_custom_1705249673406{margin-top: 20px !important;margin-bottom: 20px !important;}&#8221;][vc_row_inner][vc_column_inner width=&#8221;1\/3&#8243; offset=&#8221;vc_col-lg-offset-1\/5 vc_col-lg-1\/5 vc_col-md-4&#8243;][vc_column_text]<\/p>\n<p class=\"has-nv-text-light-bg-color has-text-color\" style=\"text-align: center;\"><b>ZDHC Akreditasyonlar\u0131m\u0131z<\/b><\/p>\n<p>[\/vc_column_text][vc_single_image image=&#8221;16440&#8243; img_size=&#8221;&#8221; alignment=&#8221;center&#8221; onclick=&#8221;link_image&#8221; css=&#8221;.vc_custom_1705251617249{margin-top: 20px !important;margin-right: 0px !important;margin-left: 0px !important;border-right-width: 0px !important;border-left-width: 0px !important;padding-right: 0px !important;padding-left: 0px !important;}&#8221;][\/vc_column_inner][vc_column_inner width=&#8221;1\/3&#8243; offset=&#8221;vc_col-lg-1\/5 vc_col-md-4 vc_col-xs-12&#8243;][vc_column_text]<\/p>\n<p class=\"has-nv-text-light-bg-color has-text-color\" style=\"text-align: center;\"><b>ISO 9001 \u00a0Kalite Y\u00f6netim Sertifikam\u0131z<\/b><\/p>\n<p>[\/vc_column_text][vc_single_image image=&#8221;16368&#8243; img_size=&#8221;&#8221; alignment=&#8221;center&#8221; onclick=&#8221;link_image&#8221;][\/vc_column_inner][vc_column_inner width=&#8221;1\/3&#8243; offset=&#8221;vc_col-lg-1\/5&#8243;][vc_column_text]<\/p>\n<p class=\"has-nv-text-light-bg-color has-text-color\" style=\"text-align: center;\"><b>SAC Akreditasyonlar\u0131m\u0131z<\/b><\/p>\n<p>[\/vc_column_text][vc_single_image image=&#8221;16249&#8243; img_size=&#8221;&#8221; alignment=&#8221;center&#8221; onclick=&#8221;link_image&#8221;][\/vc_column_inner][\/vc_row_inner][\/vc_column][\/vc_row][vc_row][vc_column][vc_basic_grid post_type=&#8221;post&#8221; max_items=&#8221;3&#8243; show_filter=&#8221;yes&#8221; initial_loading_animation=&#8221;none&#8221; grid_id=&#8221;vc_gid:1705679972361-e1946b9db6ebab9d01a509b466d5d711-2&#8243; filter_source=&#8221;post_tag&#8221;][\/vc_column][\/vc_row][vc_row full_width=&#8221;stretch_row_content_no_spaces&#8221; css=&#8221;.vc_custom_1705254210256{background-color: #0a0a0a !important;}&#8221;][vc_column][vc_row_inner equal_height=&#8221;yes&#8221; content_placement=&#8221;middle&#8221;][vc_column_inner width=&#8221;1\/2&#8243; offset=&#8221;vc_col-lg-offset-3 vc_col-lg-3 vc_col-md-6 vc_col-xs-12&#8243;][vc_single_image image=&#8221;16445&#8243; img_size=&#8221;450X450&#8243; alignment=&#8221;center&#8221; css=&#8221;.vc_custom_1705516656528{margin-right: 0px !important;margin-left: 0px !important;border-right-width: 0px !important;border-left-width: 0px !important;padding-right: 10px !important;padding-left: 10px !important;}&#8221;][\/vc_column_inner][vc_column_inner width=&#8221;1\/2&#8243; offset=&#8221;vc_col-lg-5&#8243;][vc_column_text css=&#8221;.vc_custom_1705260323010{padding-right: 30px !important;padding-left: 30px !important;}&#8221;]<\/p>\n<h2 class=\"has-nv-text-dark-bg-color has-text-color\" style=\"font-size: 40px;\">Higg FEM 4.0 Do\u011frulamas\u0131 <!-- \/wp:post-content --><\/h2>\n<!-- wp:paragraph {\"textColor\":\"nv-text-dark-bg\"} -->\n<p class=\"has-nv-text-dark-bg-color has-text-color\">Sustainable Apparel Coalition (SAC)<\/p>\n<p class=\"has-nv-text-dark-bg-color has-text-color\">S\u00fcrd\u00fcr\u00fclebilir Giyim Koalisyonu, giyim, ayakkab\u0131 ve tekstil end\u00fcstrisinin s\u00fcrd\u00fcr\u00fclebilir \u00fcretim i\u00e7in lider g\u00fc\u00e7 birli\u011fi yapm\u0131\u015f lider marka, perakendeci ve \u00fcreticilerin olu\u015fturdu\u011fu birliktir.<\/p>\n<p class=\"has-nv-text-dark-bg-color has-text-color\">SAC \u00fcyesi Marka, Perakendeci ve \u00dcreticilerin listesine <a href=\"https:\/\/apparelcoalition.org\/members\/\">buradan<\/a> ula\u015fabilirsiniz.<\/p>\n<p class=\"has-nv-text-dark-bg-color has-text-color\">SAC de\u011fer zinciri boyunca s\u00fcrd\u00fcr\u00fclebilir \u00fcretimin sa\u011flanmas\u0131 ve denetlenmesi i\u00e7in <a href=\"https:\/\/apparelcoalition.org\/the-higg-index\/\">Higg Index<\/a>\u2019i yaratm\u0131\u015ft\u0131r. Higg index i\u00e7eriside her biri ayr\u0131 i\u015flevleri olan \u00dcr\u00fcn, Tesis ve Marka&amp;Perakendeci ara\u00e7lar\u0131n\u0131 bulundurmaktad\u0131r.<\/p>\n<p>[\/vc_column_text][vc_btn title=&#8221;Daha Fazlas\u0131&#8221; style=&#8221;classic&#8221; color=&#8221;white&#8221; align=&#8221;center&#8221; link=&#8221;url:https%3A%2F%2Fwww.tmdenetim.com%2Ftr%2Fdogrulama%2F|title:do%C4%9Frulama||&#8221;][\/vc_column_inner][\/vc_row_inner][\/vc_column][\/vc_row][vc_row full_width=&#8221;stretch_row_content_no_spaces&#8221; css=&#8221;.vc_custom_1705263025167{background-color: rgba(209,209,209,0.27) !important;*background-color: rgb(209,209,209) !important;}&#8221;][vc_column][vc_row_inner equal_height=&#8221;yes&#8221; content_placement=&#8221;middle&#8221;][vc_column_inner width=&#8221;1\/2&#8243; offset=&#8221;vc_col-lg-offset-1 vc_col-lg-5&#8243;][vc_column_text css=&#8221;.vc_custom_1705263528986{padding-right: 30px !important;padding-left: 30px !important;}&#8221;]<\/p>\n<h2 class=\"has-nv-text-light-bg-color has-text-color\" style=\"font-size: 40px;\">ZDHC E\u011e\u0130T\u0130MLER\u0130 (Sertifikal\u0131) <!-- \/wp:paragraph --><\/h2>\n<!-- wp:paragraph {\"textColor\":\"nv-text-dark-bg\"} -->\n<p class=\"has-nv-text-light-bg-color has-text-color\"><strong>ZDHC CMS TIG E\u011fitimi<\/strong><\/p>\n<p class=\"has-nv-text-light-bg-color has-text-color\">Bu ileri d\u00fczey e\u011fitim, ZDHC CMS \u00c7er\u00e7eve E\u011fitiminin pratik bir devam\u0131d\u0131r. ZDHC Y\u00f6nergeleri, Platformlar\u0131 ve \u00c7\u00f6z\u00fcmleri ve bunlar\u0131n nas\u0131l uygulanaca\u011f\u0131 konusunda derinlemesine rehberlik sa\u011flar. CMS uygulamas\u0131n\u0131n minimum gerekliliklerini a\u00e7\u0131klar ve ilham verici vaka \u00e7al\u0131\u015fmalar\u0131 ve pratik \u00f6rnekler i\u00e7erir.<\/p>\n<p class=\"has-nv-text-light-bg-color has-text-color\"><strong>Markalar ve Perakendeciler i\u00e7in ZDHC CMS \u00c7er\u00e7eve E\u011fitimi<\/strong><\/p>\n<p class=\"has-nv-text-light-bg-color has-text-color\">Ba\u015flang\u0131\u00e7 \u200b\u200bseviyesindeki bu e\u011fitim, ZDHC Kimyasal Y\u00f6netim Sistemi (CMS) \u00c7er\u00e7evesinin ne oldu\u011fu, Kimyasal Y\u00f6netim Sisteminin gereklilikleri ve bunun tesis d\u00fczeyinde uygulanmas\u0131 hakk\u0131nda bir giri\u015f sa\u011flar. Etkili bir CMS \u00c7er\u00e7evesinin bir tedarik\u00e7i i\u00e7in neden \u00f6nemli oldu\u011funu ve uygulama a\u015famas\u0131nda tedarik\u00e7ilerinize nas\u0131l destek olabilece\u011finizi a\u00e7\u0131klar. Ayr\u0131ca e\u011fitimde ZDHC Y\u00f6nergelerinin, Platformlar\u0131n\u0131n ve \u00c7\u00f6z\u00fcmlerinin bu yolculu\u011fu nas\u0131l destekleye bilece\u011fine dair genel bir bak\u0131\u015f sunulmaktad\u0131r.<\/p>\n<p>[\/vc_column_text][vc_btn title=&#8221;Daha Fazlas\u0131&#8221; style=&#8221;classic&#8221; color=&#8221;black&#8221; align=&#8221;center&#8221; link=&#8221;url:https%3A%2F%2Fwww.tmdenetim.com%2Ftr%2Fegitim%2F|title:E%C4%9Fitim||&#8221;][\/vc_column_inner][vc_column_inner width=&#8221;1\/2&#8243; css=&#8221;.vc_custom_1705516623400{padding-right: 10px !important;padding-left: 10px !important;}&#8221; offset=&#8221;vc_col-lg-3 vc_col-md-6 vc_col-xs-12&#8243;][vc_single_image image=&#8221;16153&#8243; img_size=&#8221;400X550&#8243; alignment=&#8221;center&#8221; css=&#8221;.vc_custom_1705516645566{margin-right: 0px !important;margin-left: 0px !important;border-right-width: 0px !important;border-left-width: 0px !important;padding-right: 10px !important;padding-left: 10px !important;}&#8221;][\/vc_column_inner][\/vc_row_inner][\/vc_column][\/vc_row]<\/p>\n","protected":false},"excerpt":{"rendered":"<p>[vc_row full_width=&#8221;stretch_row_content_no_spaces&#8221; css=&#8221;.vc_custom_1705248665012{margin-top: 0px !important;border-top-width: 0px !important;padding-top: 0px !important;}&#8221;][vc_column css=&#8221;.vc_custom_1705259553557{margin-top: 0px !important;margin-right: 0px !important;margin-bottom: 0px !important;margin-left: 0px !important;border-top-width: 0px !important;border-right-width: 0px !important;border-bottom-width: 0px !important;border-left-width: 0px !important;padding-top: 0px !important;padding-right: 0px !important;padding-bottom: 0px !important;padding-left: 0px !important;}&#8221;][\/vc_column][\/vc_row][vc_row][vc_column][vc_row_inner equal_height=&#8221;yes&#8221; content_placement=&#8221;middle&#8221;][vc_column_inner width=&#8221;1\/2&#8243;][vc_single_image image=&#8221;16233&#8243; img_size=&#8221;500 x 500&#8243; alignment=&#8221;center&#8221; css=&#8221;.vc_custom_1705262954471{margin-right: 0px !important;margin-left: 0px !important;border-right-width: 0px !important;border-left-width: 0px !important;padding-right: 0px !important;padding-left: 0px !important;}&#8221;][\/vc_column_inner][vc_column_inner&hellip;&nbsp;<a href=\"https:\/\/www.tmdenetim.com\/tr\/\" class=\"\" rel=\"bookmark\">Daha fazlas\u0131n\u0131 oku &raquo;<span class=\"screen-reader-text\">Ana Sayfa<\/span><\/a><\/p>\n","protected":false},"author":3,"featured_media":0,"parent":0,"menu_order":0,"comment_status":"closed","ping_status":"closed","template":"","meta":{"neve_meta_sidebar":"","neve_meta_container":"","neve_meta_enable_content_width":"on","neve_meta_content_width":100,"neve_meta_title_alignment":"","neve_meta_author_avatar":"","neve_post_elements_order":"","neve_meta_disable_header":"","neve_meta_disable_footer":"","neve_meta_disable_title":"on","_themeisle_gutenberg_block_has_review":false,"_ti_tpc_template_sync":false,"_ti_tpc_template_id":"5udqur826ojgsxrmsxsc","footnotes":""},"class_list":["post-16315","page","type-page","status-publish","hentry"],"_links":{"self":[{"href":"https:\/\/www.tmdenetim.com\/tr\/wp-json\/wp\/v2\/pages\/16315","targetHints":{"allow":["GET"]}}],"collection":[{"href":"https:\/\/www.tmdenetim.com\/tr\/wp-json\/wp\/v2\/pages"}],"about":[{"href":"https:\/\/www.tmdenetim.com\/tr\/wp-json\/wp\/v2\/types\/page"}],"author":[{"embeddable":true,"href":"https:\/\/www.tmdenetim.com\/tr\/wp-json\/wp\/v2\/users\/3"}],"replies":[{"embeddable":true,"href":"https:\/\/www.tmdenetim.com\/tr\/wp-json\/wp\/v2\/comments?post=16315"}],"version-history":[{"count":60,"href":"https:\/\/www.tmdenetim.com\/tr\/wp-json\/wp\/v2\/pages\/16315\/revisions"}],"predecessor-version":[{"id":16801,"href":"https:\/\/www.tmdenetim.com\/tr\/wp-json\/wp\/v2\/pages\/16315\/revisions\/16801"}],"wp:attachment":[{"href":"https:\/\/www.tmdenetim.com\/tr\/wp-json\/wp\/v2\/media?parent=16315"}],"curies":[{"name":"wp","href":"https:\/\/api.w.org\/{rel}","templated":true}]}}