{"id":16416,"date":"2024-01-14T15:50:55","date_gmt":"2024-01-14T15:50:55","guid":{"rendered":"https:\/\/www.tmdenetim.com\/tr\/?page_id=16416"},"modified":"2024-01-22T20:42:34","modified_gmt":"2024-01-22T20:42:34","slug":"dogrulama","status":"publish","type":"page","link":"https:\/\/www.tmdenetim.com\/tr\/dogrulama\/","title":{"rendered":"Do\u011frulama"},"content":{"rendered":"<p>[vc_row full_width=&#8221;stretch_row_content_no_spaces&#8221; css=&#8221;.vc_custom_1705517312368{padding-top: 20px !important;background-color: rgba(209,209,209,0.27) !important;*background-color: rgb(209,209,209) !important;}&#8221;][vc_column css=&#8221;.vc_custom_1705326379173{margin-top: 0px !important;margin-bottom: 0px !important;padding-top: 0px !important;padding-bottom: 0px !important;}&#8221;][vc_row_inner equal_height=&#8221;yes&#8221; content_placement=&#8221;middle&#8221;][vc_column_inner width=&#8221;1\/2&#8243; offset=&#8221;vc_col-lg-offset-1 vc_col-lg-5 vc_col-sm-offset-0 vc_hidden-sm&#8221; css=&#8221;.vc_custom_1705330199894{padding-top: 20px !important;padding-bottom: 20px !important;}&#8221;][vc_column_text css=&#8221;.vc_custom_1705517426771{padding-right: 20px !important;padding-left: 20px !important;}&#8221;]<\/p>\n<h2 class=\"has-nv-text-light-bg-color has-text-color\" style=\"font-size: 27px;\">Higg FEM 4.0 Do\u011frulamas\u0131<\/h2>\n<p><span style=\"font-weight: 400;\"><!-- \/wp:post-content --><\/span><\/p>\n<p><!-- wp:paragraph {\"textColor\":\"neve-text-color\"} --><span style=\"font-weight: 400;\"><span style=\"font-weight: 400;\"><!-- \/wp:paragraph --><\/span><\/span><\/p>\n<!-- wp:paragraph {\"textColor\":\"neve-text-color\"} -->\n<p class=\"has-neve-text-color-color has-text-color\">Sustainable Apparel Coalition (SAC)<\/p>\n<p class=\"has-neve-text-color-color has-text-color\">S\u00fcrd\u00fcr\u00fclebilir Giyim Koalisyonu, giyim, ayakkab\u0131 ve tekstil end\u00fcstrisinin s\u00fcrd\u00fcr\u00fclebilir \u00fcretim i\u00e7in lider g\u00fc\u00e7 birli\u011fi yapm\u0131\u015f lider marka, perakendeci ve \u00fcreticilerin olu\u015fturdu\u011fu birliktir.<\/p>\n<p class=\"has-neve-text-color-color has-text-color\">SAC \u00fcyesi Marka, Perakendeci ve \u00dcreticilerin listesine <a href=\"https:\/\/apparelcoalition.org\/members\/\">buradan<\/a> ula\u015fabilirsiniz.<\/p>\n<p class=\"has-neve-text-color-color has-text-color\">SAC de\u011fer zinciri boyunca s\u00fcrd\u00fcr\u00fclebilir \u00fcretimin sa\u011flanmas\u0131 ve denetlenmesi i\u00e7in Higg Index\u2019i yaratm\u0131\u015ft\u0131r. <a href=\"https:\/\/apparelcoalition.org\/the-higg-index\/\">Higg index<\/a> i\u00e7eriside her biri ayr\u0131 i\u015flevleri olan \u00dcr\u00fcn, Tesis ve Marka&amp;Perakendeci ara\u00e7lar\u0131n\u0131 bulundurmaktad\u0131r.<\/p>\n<p class=\"has-neve-text-color-color has-text-color\"><strong>Higg FEM 4.0 nedir?<\/strong><\/p>\n<p class=\"has-neve-text-color-color has-text-color\">Higg tesis \u00e7evre mod\u00fcl\u00fc (Higg FEM), tesislerin \u00e7evresel performanslar\u0131n\u0131 y\u0131ldan y\u0131la \u00f6l\u00e7me ve de\u011ferlendirme \u015feklini standartla\u015ft\u0131ran bir s\u00fcrd\u00fcr\u00fclebilirlik de\u011ferlendirme arac\u0131d\u0131r.<\/p>\n<div class='yrm-content yrm-content-1 yrm-content-hide' id='yrm-xSBmc' data-id='1' data-show-status='false' data-after-action='' style=\"visibility: hidden;height: 0;\">\n\t\t\t<div id='yrm-inner-content-yrm-xSBmc' class='yrm-inner-content-wrapper yrm-cntent-1'>\n<p class=\"has-neve-text-color-color has-text-color\"><b>Higg FEM a\u015fa\u011f\u0131dakiler i\u00e7in tasarlanm\u0131\u015ft\u0131r:<\/b><\/p>\n<ul>\n<li class=\"has-neve-text-color-color has-text-color\" style=\"font-weight: 400;\" aria-level=\"1\"><span style=\"font-weight: 400;\">Bir tesisin s\u00fcrd\u00fcr\u00fclebilirlik etkilerini \u00f6l\u00e7mek ve puanlamak<\/span><\/li>\n<li class=\"has-neve-text-color-color has-text-color\" style=\"font-weight: 400;\" aria-level=\"1\"><span style=\"font-weight: 400;\">S\u00fcrd\u00fcr\u00fclebilirlik performans\u0131n\u0131 \u00f6l\u00e7me ve raporlamadaki fazlal\u0131\u011f\u0131 azaltmak<\/span><\/li>\n<li class=\"has-neve-text-color-color has-text-color\" style=\"font-weight: 400;\" aria-level=\"1\"><span style=\"font-weight: 400;\">Riski azalt\u0131p ve verimlili\u011fi art\u0131rarak i\u015f de\u011ferini art\u0131rmak<\/span><\/li>\n<li class=\"has-neve-text-color-color has-text-color\" style=\"font-weight: 400;\" aria-level=\"1\"><span style=\"font-weight: 400;\">S\u00fcrd\u00fcr\u00fclebilirli\u011fi payda\u015flara iletmek i\u00e7in ortak bir ara\u00e7 ve dil olu\u015fturmak.<\/span><\/li>\n<\/ul>\n<p class=\"has-neve-text-color-color has-text-color\"><b>Higg FEM 4.0\u2019 \u0131n Faydalar\u0131 Nelerdir?<\/b><\/p>\n<ul>\n<li class=\"has-neve-text-color-color has-text-color\" style=\"font-weight: 400;\" aria-level=\"1\"><span style=\"font-weight: 400;\">Higg indeksi uygulamas\u0131, bir fabrikan\u0131n tedarik zinciri arac\u0131l\u0131\u011f\u0131yla tesisteki bir dizi s\u00fcrd\u00fcr\u00fclebilirlik f\u0131rsat\u0131n\u0131 ve riskini belirlemesine yard\u0131mc\u0131 olur.<\/span><\/li>\n<li class=\"has-neve-text-color-color has-text-color\" style=\"font-weight: 400;\" aria-level=\"1\"><span style=\"font-weight: 400;\">Gelecekteki s\u00fcrd\u00fcr\u00fclebilirlik etkileri hakk\u0131nda yeterince bilgi edinmek ve performans\u0131 de\u011ferlendirmek i\u00e7in f\u0131rsat sunar.<\/span><\/li>\n<li class=\"has-neve-text-color-color has-text-color\" style=\"font-weight: 400;\" aria-level=\"1\"><span style=\"font-weight: 400;\">Bu standart arac\u0131 kullanarak, uzun vadeli hedefler i\u00e7in gelecekteki s\u00fcrd\u00fcr\u00fclebilir strateji hedeflerine ilerlenebilir.<\/span><\/li>\n<li class=\"has-neve-text-color-color has-text-color\" style=\"font-weight: 400;\" aria-level=\"1\"><span style=\"font-weight: 400;\">Zaman ve maliyet israf\u0131n\u0131 \u00f6nlemeye yard\u0131mc\u0131 olur.<\/span><\/li>\n<\/ul>\n<p class=\"has-neve-text-color-color has-text-color\"><span style=\"font-weight: 400;\">\u00a0<\/span><\/p>\n<p class=\"has-neve-text-color-color has-text-color\"><b>Ba\u015flamadan \u00d6nce Bilmeniz Gerekenler<\/b><\/p>\n<ul>\n<li class=\"has-neve-text-color-color has-text-color\" style=\"font-weight: 400;\" aria-level=\"1\"><span style=\"font-weight: 400;\">De\u011ferlendirmeyi tamamlarken tesisler d\u00fcr\u00fcst ve \u015feffaf olmal\u0131d\u0131r.<\/span><\/li>\n<\/ul>\n<p class=\"has-neve-text-color-color has-text-color\"><span style=\"font-weight: 400;\">Higg FEM bir ba\u015far\u0131l\u0131 \/ ba\u015far\u0131s\u0131z de\u011ferlendirmesi de\u011fil, iyile\u015ftirme f\u0131rsatlar\u0131n\u0131 belirleyen bir ara\u00e7t\u0131r ve bir denetim de\u011fildir.<\/span><\/p>\n<p><\/div>\n\t\t<\/div><div class='yrm-btn-wrapper yrm-inline-wrapper yrm-btn-wrapper-1  yrm-more-button-wrapper '><span title='' data-less-title='' data-more-title=''  class='yrm-toggle-expand  yrm-toggle-expand-1' data-rel='yrm-xSBmc' data-more='Daha Fazlas\u0131n\u0131 G\u00f6ster' data-less='Daha Az' style='border: none; width: 100%;'><span class=\"yrm-button-text-1 yrm-button-text-span\">Daha Fazlas\u0131n\u0131 G\u00f6ster<\/span><\/span><\/div>[\/vc_column_text][\/vc_column_inner][vc_column_inner width=&#8221;1\/2&#8243; offset=&#8221;vc_col-lg-4 vc_col-md-offset-0 vc_col-md-6&#8243;][vc_single_image image=&#8221;16249&#8243; img_size=&#8221;large&#8221; alignment=&#8221;center&#8221; css=&#8221;.vc_custom_1705517131534{padding-right: 10px !important;padding-left: 10px !important;}&#8221;][vc_single_image image=&#8221;16445&#8243; img_size=&#8221;500X550&#8243; alignment=&#8221;center&#8221; css=&#8221;.vc_custom_1705517141459{padding-right: 10px !important;padding-left: 10px !important;}&#8221;][vc_btn title=&#8221;Teklif Almak \u0130\u00e7in \u0130leti\u015fime Ge\u00e7in&#8221; style=&#8221;classic&#8221; color=&#8221;black&#8221; align=&#8221;center&#8221; link=&#8221;url:https%3A%2F%2Fwww.tmdenetim.com%2Ftr%2Fformlar%2F|title:formlar||&#8221;][\/vc_column_inner][\/vc_row_inner][\/vc_column][\/vc_row][vc_row full_width=&#8221;stretch_row_content_no_spaces&#8221; css=&#8221;.vc_custom_1705517331794{margin-top: 0px !important;margin-bottom: 1px !important;padding-top: 20px !important;padding-bottom: 20px !important;background-color: #0a0a0a !important;}&#8221;][vc_column][vc_row_inner content_placement=&#8221;middle&#8221;][vc_column_inner width=&#8221;1\/2&#8243; offset=&#8221;vc_col-lg-offset-2 vc_col-lg-4 vc_col-md-6&#8243;][vc_single_image image=&#8221;16557&#8243; img_size=&#8221;&#8221; alignment=&#8221;center&#8221; css=&#8221;.vc_custom_1705517173453{padding-right: 10px !important;padding-left: 10px !important;}&#8221;][vc_single_image image=&#8221;16555&#8243; img_size=&#8221;650X400&#8243; alignment=&#8221;right&#8221; css=&#8221;.vc_custom_1705517189775{padding-right: 10px !important;padding-left: 10px !important;}&#8221;][vc_btn title=&#8221;Teklif Almak \u0130\u00e7in \u0130leti\u015fime Ge\u00e7in&#8221; style=&#8221;classic&#8221; color=&#8221;white&#8221; align=&#8221;center&#8221; link=&#8221;url:https%3A%2F%2Fwww.tmdenetim.com%2Ftr%2Filetisim%2F|title:ileti%C5%9Fim||&#8221;][\/vc_column_inner][vc_column_inner width=&#8221;1\/2&#8243; offset=&#8221;vc_col-lg-5 vc_col-md-6&#8243; css=&#8221;.vc_custom_1705329597984{padding-right: 20px !important;padding-left: 20px !important;}&#8221;][vc_column_text css=&#8221;.vc_custom_1705328364573{padding-right: 10px !important;padding-left: 10px !important;}&#8221;]<\/p>\n<h2 class=\"has-nv-text-dark-bg-color has-text-color\" style=\"font-size: 27px;\">Envanter Uygunluk Raporlar\u0131n\u0131n (Incheck) Do\u011frulanmas\u0131<span style=\"font-weight: 400;\"><!-- \/wp:paragraph --><\/span><!-- wp:paragraph {\"textColor\":\"nv-text-dark-bg\"} --><\/h2>\n<p class=\"has-nv-text-dark-bg-color has-text-color\">D\u00fczenli ZDHC Performans InCheck raporlamas\u0131, imalat tedarik\u00e7ilerinin tesislerinin kimyasal envanterine ili\u015fkin ZDHC MRSL ile \u00f6z de\u011ferlendirmelerini g\u00f6sterir. Ancak bu i\u015fletmenin kendi beyan\u0131na dayanmaktad\u0131r.<\/p>\n<p class=\"has-nv-text-dark-bg-color has-text-color\">ZDHC taraf\u0131ndan geli\u015ftirilen Incheck Do\u011frulama program\u0131yla ZDHC Onayl\u0131 InCheck Do\u011frulay\u0131c\u0131 taraf\u0131ndan yerinde yap\u0131lan anl\u0131k kontrol, yap\u0131lan \u00f6z de\u011ferlendirmelerin do\u011frulunu kan\u0131tlayarak katlite ve g\u00fcveni art\u0131rmaktad\u0131r.[\/vc_column_text][\/vc_column_inner][\/vc_row_inner][\/vc_column][\/vc_row]<\/p>\n","protected":false},"excerpt":{"rendered":"<p>[vc_row full_width=&#8221;stretch_row_content_no_spaces&#8221; css=&#8221;.vc_custom_1705517312368{padding-top: 20px !important;background-color: rgba(209,209,209,0.27) !important;*background-color: rgb(209,209,209) !important;}&#8221;][vc_column css=&#8221;.vc_custom_1705326379173{margin-top: 0px !important;margin-bottom: 0px !important;padding-top: 0px !important;padding-bottom: 0px !important;}&#8221;][vc_row_inner equal_height=&#8221;yes&#8221; content_placement=&#8221;middle&#8221;][vc_column_inner width=&#8221;1\/2&#8243; offset=&#8221;vc_col-lg-offset-1 vc_col-lg-5 vc_col-sm-offset-0 vc_hidden-sm&#8221; css=&#8221;.vc_custom_1705330199894{padding-top: 20px !important;padding-bottom: 20px !important;}&#8221;][vc_column_text css=&#8221;.vc_custom_1705517426771{padding-right: 20px !important;padding-left: 20px !important;}&#8221;] Higg FEM 4.0 Do\u011frulamas\u0131 Sustainable Apparel Coalition (SAC) S\u00fcrd\u00fcr\u00fclebilir Giyim Koalisyonu, giyim, ayakkab\u0131 ve tekstil end\u00fcstrisinin s\u00fcrd\u00fcr\u00fclebilir \u00fcretim i\u00e7in lider&hellip;&nbsp;<a href=\"https:\/\/www.tmdenetim.com\/tr\/dogrulama\/\" class=\"\" rel=\"bookmark\">Daha fazlas\u0131n\u0131 oku &raquo;<span class=\"screen-reader-text\">Do\u011frulama<\/span><\/a><\/p>\n","protected":false},"author":3,"featured_media":0,"parent":0,"menu_order":0,"comment_status":"closed","ping_status":"closed","template":"","meta":{"neve_meta_sidebar":"","neve_meta_container":"","neve_meta_enable_content_width":"off","neve_meta_content_width":100,"neve_meta_title_alignment":"","neve_meta_author_avatar":"","neve_post_elements_order":"","neve_meta_disable_header":"","neve_meta_disable_footer":"","neve_meta_disable_title":"","_themeisle_gutenberg_block_has_review":false,"_ti_tpc_template_sync":false,"_ti_tpc_template_id":"","footnotes":""},"class_list":["post-16416","page","type-page","status-publish","hentry"],"_links":{"self":[{"href":"https:\/\/www.tmdenetim.com\/tr\/wp-json\/wp\/v2\/pages\/16416","targetHints":{"allow":["GET"]}}],"collection":[{"href":"https:\/\/www.tmdenetim.com\/tr\/wp-json\/wp\/v2\/pages"}],"about":[{"href":"https:\/\/www.tmdenetim.com\/tr\/wp-json\/wp\/v2\/types\/page"}],"author":[{"embeddable":true,"href":"https:\/\/www.tmdenetim.com\/tr\/wp-json\/wp\/v2\/users\/3"}],"replies":[{"embeddable":true,"href":"https:\/\/www.tmdenetim.com\/tr\/wp-json\/wp\/v2\/comments?post=16416"}],"version-history":[{"count":23,"href":"https:\/\/www.tmdenetim.com\/tr\/wp-json\/wp\/v2\/pages\/16416\/revisions"}],"predecessor-version":[{"id":16904,"href":"https:\/\/www.tmdenetim.com\/tr\/wp-json\/wp\/v2\/pages\/16416\/revisions\/16904"}],"wp:attachment":[{"href":"https:\/\/www.tmdenetim.com\/tr\/wp-json\/wp\/v2\/media?parent=16416"}],"curies":[{"name":"wp","href":"https:\/\/api.w.org\/{rel}","templated":true}]}}