{"id":75,"date":"2020-01-27T08:29:32","date_gmt":"2020-01-27T08:29:32","guid":{"rendered":"https:\/\/demosites.io\/web-agency-gb\/?page_id=75"},"modified":"2024-01-19T14:04:11","modified_gmt":"2024-01-19T14:04:11","slug":"iletisim","status":"publish","type":"page","link":"https:\/\/www.tmdenetim.com\/tr\/iletisim\/","title":{"rendered":"ileti\u015fim"},"content":{"rendered":"<p>[vc_row full_width=&#8221;stretch_row_content_no_spaces&#8221; css=&#8221;.vc_custom_1705308343741{margin-top: 0px !important;margin-bottom: 0px !important;background-color: rgba(209,209,209,0.27) !important;*background-color: rgb(209,209,209) !important;}&#8221;][vc_column css=&#8221;.vc_custom_1705308356202{padding-top: 30px !important;padding-bottom: 30px !important;}&#8221;][vc_row_inner][vc_column_inner width=&#8221;1\/5&#8243; css=&#8221;.vc_custom_1705308105889{background-color: #ffffff !important;}&#8221; offset=&#8221;vc_col-lg-offset-1\/5&#8243;][vc_icon icon_fontawesome=&#8221;fa fa-phone&#8221; color=&#8221;black&#8221; size=&#8221;xl&#8221; align=&#8221;center&#8221;][vc_column_text]<\/p>\n<h3 class=\"has-text-align-center has-neve-text-color-color has-text-color\">Bizi Aray\u0131n<\/h3>\n<p class=\"has-text-align-center has-neve-text-color-color has-text-color\" style=\"font-size: 15px;\"><a style=\"text-decoration: none; color: black;\" href=\"tel:+908502443078\"> +90 850 244 30 78 <\/a><\/p>\n<p>[\/vc_column_text][\/vc_column_inner][vc_column_inner width=&#8221;1\/5&#8243; css=&#8221;.vc_custom_1705308141883{background-color: #ffffff !important;}&#8221;][vc_icon icon_fontawesome=&#8221;fa fa-envelope&#8221; color=&#8221;black&#8221; size=&#8221;xl&#8221; align=&#8221;center&#8221;][vc_column_text]<\/p>\n<h3 class=\"has-text-align-center has-neve-text-color-color has-text-color\">E-mail<\/h3>\n<p class=\"has-text-align-center has-neve-text-color-color has-text-color\" style=\"font-size: 15px;\"><a style=\"text-decoration: none; color: black;\" href=\"mailto:info@tmdenetim.com \"> info@tmdenetim.com<br \/>\n<\/a>[\/vc_column_text][\/vc_column_inner][vc_column_inner width=&#8221;1\/5&#8243; css=&#8221;.vc_custom_1705307608117{background-color: #ffffff !important;}&#8221;][vc_icon icon_fontawesome=&#8221;fa fa-globe&#8221; color=&#8221;black&#8221; size=&#8221;xl&#8221; align=&#8221;center&#8221;][vc_column_text]<\/p>\n<h3 class=\"has-text-align-center has-neve-text-color-color has-text-color\">Web Site<\/h3>\n<p class=\"has-text-align-center has-neve-text-color-color has-text-color\" style=\"font-size: 15px;\"><a style=\"text-decoration: none; color: black;\" href=\"https:\/\/www.tmdenetim.com\/tr\">www.tmdenetim.com<br \/>\n<\/a>[\/vc_column_text][\/vc_column_inner][\/vc_row_inner][\/vc_column][\/vc_row][vc_row full_width=&#8221;stretch_row_content_no_spaces&#8221; content_placement=&#8221;middle&#8221; css=&#8221;.vc_custom_1705597531029{margin-bottom: 1px !important;padding-right: 10px !important;padding-left: 10px !important;background-color: #000000 !important;}&#8221;][vc_column width=&#8221;5\/12&#8243; offset=&#8221;vc_col-lg-offset-1&#8243; css=&#8221;.vc_custom_1705310538527{margin-top: 30px !important;margin-bottom: 30px !important;}&#8221;][vc_column_text css=&#8221;.vc_custom_1705596994650{padding-right: 10px !important;padding-left: 10px !important;}&#8221;]<\/p>\n<h2 class=\"has-nv-text-dark-bg-color has-text-color\" style=\"font-size: 22px; text-align: center;\">TM DENET\u0130M BELGELEND\u0130RME VE E\u011e\u0130T\u0130M LTD. \u015eT\u0130.<br \/>\n<!-- \/wp:post-content --><\/h2>\n<p style=\"text-align: center;\"><!-- wp:paragraph {\"textColor\":\"nv-text-dark-bg\"} --><\/p>\n<p class=\"has-nv-text-dark-bg-color has-text-color\" style=\"text-align: center;\">\u0130n\u00f6n\u00fc mah. Behzat Ecemi\u015f cd. No:22\/42 Merkez \/ N\u0130\u011eDE<\/p>\n<p>[\/vc_column_text][vc_single_image image=&#8221;16520&#8243; img_size=&#8221;&#8221; alignment=&#8221;center&#8221;][vc_row_inner el_class=&#8221;.d-flex&#8221; css=&#8221;.vc_custom_1705310186181{margin-top: 0px !important;margin-right: 0px !important;margin-bottom: 0px !important;margin-left: 0px !important;border-top-width: 0px !important;border-right-width: 0px !important;border-bottom-width: 0px !important;border-left-width: 0px !important;padding-top: 0px !important;padding-right: 0px !important;padding-bottom: 0px !important;padding-left: 0px !important;}&#8221;][vc_column_inner el_class=&#8221;.d-flex&#8221; width=&#8221;1\/6&#8243; offset=&#8221;vc_col-lg-offset-3 vc_col-xs-4&#8243;][vc_icon icon_fontawesome=&#8221;fa fa-linkedin-square&#8221; size=&#8221;lg&#8221; align=&#8221;center&#8221; link=&#8221;url:https%3A%2F%2Fwww.linkedin.com%2Fin%2Fufuk-merter-30a009a1%2F||target:%20_blank|&#8221;][\/vc_column_inner][vc_column_inner width=&#8221;1\/6&#8243; offset=&#8221;vc_col-xs-4&#8243;][vc_icon icon_fontawesome=&#8221;fa fa-youtube-play&#8221; color=&#8221;juicy_pink&#8221; size=&#8221;lg&#8221; align=&#8221;center&#8221; el_class=&#8221;.danger&#8221;][\/vc_column_inner][vc_column_inner el_class=&#8221;.success&#8221; width=&#8221;1\/6&#8243; offset=&#8221;vc_col-xs-4&#8243;][vc_icon icon_fontawesome=&#8221;fa fa-whatsapp&#8221; color=&#8221;green&#8221; size=&#8221;lg&#8221; align=&#8221;center&#8221; el_class=&#8221;.success&#8221; link=&#8221;url:https%3A%2F%2Fwa.me%2F905459691651||target:%20_blank|&#8221;][\/vc_column_inner][\/vc_row_inner][\/vc_column][vc_column width=&#8221;1\/2&#8243; offset=&#8221;vc_col-lg-3 vc_col-md-6 vc_col-xs-12&#8243; css=&#8221;.vc_custom_1705672287473{padding-right: 10px !important;padding-left: 10px !important;}&#8221;]<div class=\"wpforms-container wpforms-container-full iletisim-white wpforms-render-modern\" id=\"wpforms-16769\"><form id=\"wpforms-form-16769\" class=\"wpforms-validate wpforms-form wpforms-ajax-form\" data-formid=\"16769\" method=\"post\" enctype=\"multipart\/form-data\" action=\"\/tr\/wp-json\/wp\/v2\/pages\/75\" data-token=\"dc53fc84883c7291dd320490fd141bba\"><noscript class=\"wpforms-error-noscript\">Bu formu bitirebilmek i\u00e7in taray\u0131c\u0131n\u0131zda JavaScript&#039;i etkinle\u015ftirin.<\/noscript><div class=\"wpforms-hidden\" id=\"wpforms-error-noscript\">Bu formu bitirebilmek i\u00e7in taray\u0131c\u0131n\u0131zda JavaScript&#039;i etkinle\u015ftirin.<\/div><div class=\"wpforms-field-container\"><div id=\"wpforms-16769-field_0-container\" class=\"wpforms-field wpforms-field-name\" data-field-id=\"0\"><fieldset><legend class=\"wpforms-field-label\">Ad\u0131 Soyad\u0131 <span class=\"wpforms-required-label\" aria-hidden=\"true\">*<\/span><\/legend><div class=\"wpforms-field-row wpforms-field-medium\"><div class=\"wpforms-field-row-block wpforms-first wpforms-one-half\"><input type=\"text\" id=\"wpforms-16769-field_0\" class=\"wpforms-field-name-first wpforms-field-required\" name=\"wpforms[fields][0][first]\" aria-errormessage=\"wpforms-16769-field_0-error\" required><label for=\"wpforms-16769-field_0\" class=\"wpforms-field-sublabel after \">Ad<\/label><\/div><div class=\"wpforms-field-row-block wpforms-one-half\"><input type=\"text\" id=\"wpforms-16769-field_0-last\" class=\"wpforms-field-name-last wpforms-field-required\" name=\"wpforms[fields][0][last]\" aria-errormessage=\"wpforms-16769-field_0-last-error\" required><label for=\"wpforms-16769-field_0-last\" class=\"wpforms-field-sublabel after \">Soyad<\/label><\/div><\/div><\/fieldset><\/div><div id=\"wpforms-16769-field_1-container\" class=\"wpforms-field wpforms-field-email\" data-field-id=\"1\"><label class=\"wpforms-field-label\" for=\"wpforms-16769-field_1\">E-posta <span class=\"wpforms-required-label\" aria-hidden=\"true\">*<\/span><\/label><input type=\"email\" id=\"wpforms-16769-field_1\" class=\"wpforms-field-medium wpforms-field-required\" name=\"wpforms[fields][1]\" spellcheck=\"false\" aria-errormessage=\"wpforms-16769-field_1-error\" required><\/div><div id=\"wpforms-16769-field_3-container\" class=\"wpforms-field wpforms-field-text\" data-field-id=\"3\"><label class=\"wpforms-field-label\" for=\"wpforms-16769-field_3\">Konu<\/label><input type=\"text\" id=\"wpforms-16769-field_3\" class=\"wpforms-field-medium\" name=\"wpforms[fields][3]\" aria-errormessage=\"wpforms-16769-field_3-error\" ><\/div><div id=\"wpforms-16769-field_2-container\" class=\"wpforms-field wpforms-field-textarea\" data-field-id=\"2\"><label class=\"wpforms-field-label\" for=\"wpforms-16769-field_2\">Mesaj<\/label><textarea id=\"wpforms-16769-field_2\" class=\"wpforms-field-large\" name=\"wpforms[fields][2]\" aria-errormessage=\"wpforms-16769-field_2-error\" ><\/textarea><\/div><\/div><!-- .wpforms-field-container --><div class=\"wpforms-submit-container\" ><input type=\"hidden\" name=\"wpforms[id]\" value=\"16769\"><input type=\"hidden\" name=\"wpforms[author]\" value=\"3\"><button type=\"submit\" name=\"wpforms[submit]\" id=\"wpforms-submit-16769\" class=\"wpforms-submit\" data-alt-text=\"G\u00f6nderiliyor...\" data-submit-text=\"G\u00f6nder\" aria-live=\"assertive\" value=\"wpforms-submit\">G\u00f6nder<\/button><img decoding=\"async\" src=\"https:\/\/www.tmdenetim.com\/tr\/wp-content\/plugins\/wpforms-lite\/assets\/images\/submit-spin.svg\" class=\"wpforms-submit-spinner\" style=\"display: none;\" width=\"26\" height=\"26\" alt=\"Y\u00fckleniyor\"><\/div><\/form><\/div>  <!-- .wpforms-container -->[\/vc_column][vc_column][\/vc_column][\/vc_row]<\/p>\n","protected":false},"excerpt":{"rendered":"<p>[vc_row full_width=&#8221;stretch_row_content_no_spaces&#8221; css=&#8221;.vc_custom_1705308343741{margin-top: 0px !important;margin-bottom: 0px !important;background-color: rgba(209,209,209,0.27) !important;*background-color: rgb(209,209,209) !important;}&#8221;][vc_column css=&#8221;.vc_custom_1705308356202{padding-top: 30px !important;padding-bottom: 30px !important;}&#8221;][vc_row_inner][vc_column_inner width=&#8221;1\/5&#8243; css=&#8221;.vc_custom_1705308105889{background-color: #ffffff !important;}&#8221; offset=&#8221;vc_col-lg-offset-1\/5&#8243;][vc_icon icon_fontawesome=&#8221;fa fa-phone&#8221; color=&#8221;black&#8221; size=&#8221;xl&#8221; align=&#8221;center&#8221;][vc_column_text] Bizi Aray\u0131n +90 850 244 30 78 [\/vc_column_text][\/vc_column_inner][vc_column_inner width=&#8221;1\/5&#8243; css=&#8221;.vc_custom_1705308141883{background-color: #ffffff !important;}&#8221;][vc_icon icon_fontawesome=&#8221;fa fa-envelope&#8221; color=&#8221;black&#8221; size=&#8221;xl&#8221; align=&#8221;center&#8221;][vc_column_text] E-mail info@tmdenetim.com [\/vc_column_text][\/vc_column_inner][vc_column_inner width=&#8221;1\/5&#8243; css=&#8221;.vc_custom_1705307608117{background-color: #ffffff !important;}&#8221;][vc_icon icon_fontawesome=&#8221;fa fa-globe&#8221; color=&#8221;black&#8221; size=&#8221;xl&#8221; align=&#8221;center&#8221;][vc_column_text]&hellip;&nbsp;<a href=\"https:\/\/www.tmdenetim.com\/tr\/iletisim\/\" class=\"\" rel=\"bookmark\">Daha fazlas\u0131n\u0131 oku &raquo;<span class=\"screen-reader-text\">ileti\u015fim<\/span><\/a><\/p>\n","protected":false},"author":3,"featured_media":0,"parent":0,"menu_order":0,"comment_status":"closed","ping_status":"closed","template":"","meta":{"neve_meta_sidebar":"","neve_meta_container":"","neve_meta_enable_content_width":"on","neve_meta_content_width":100,"neve_meta_title_alignment":"","neve_meta_author_avatar":"","neve_post_elements_order":"","neve_meta_disable_header":"","neve_meta_disable_footer":"","neve_meta_disable_title":"on","_themeisle_gutenberg_block_has_review":false,"_ti_tpc_template_sync":false,"_ti_tpc_template_id":"re55dar6wrbbpp35jwhf","footnotes":""},"class_list":["post-75","page","type-page","status-publish","hentry"],"_links":{"self":[{"href":"https:\/\/www.tmdenetim.com\/tr\/wp-json\/wp\/v2\/pages\/75","targetHints":{"allow":["GET"]}}],"collection":[{"href":"https:\/\/www.tmdenetim.com\/tr\/wp-json\/wp\/v2\/pages"}],"about":[{"href":"https:\/\/www.tmdenetim.com\/tr\/wp-json\/wp\/v2\/types\/page"}],"author":[{"embeddable":true,"href":"https:\/\/www.tmdenetim.com\/tr\/wp-json\/wp\/v2\/users\/3"}],"replies":[{"embeddable":true,"href":"https:\/\/www.tmdenetim.com\/tr\/wp-json\/wp\/v2\/comments?post=75"}],"version-history":[{"count":47,"href":"https:\/\/www.tmdenetim.com\/tr\/wp-json\/wp\/v2\/pages\/75\/revisions"}],"predecessor-version":[{"id":16791,"href":"https:\/\/www.tmdenetim.com\/tr\/wp-json\/wp\/v2\/pages\/75\/revisions\/16791"}],"wp:attachment":[{"href":"https:\/\/www.tmdenetim.com\/tr\/wp-json\/wp\/v2\/media?parent=75"}],"curies":[{"name":"wp","href":"https:\/\/api.w.org\/{rel}","templated":true}]}}